{"id":40,"date":"2024-04-29T22:26:47","date_gmt":"2024-04-30T01:26:47","guid":{"rendered":"https:\/\/casarealimentos.com.br\/?page_id=40"},"modified":"2024-05-01T10:34:59","modified_gmt":"2024-05-01T13:34:59","slug":"quem-somos","status":"publish","type":"page","link":"https:\/\/casarealimentos.com.br\/?page_id=40","title":{"rendered":"Quem Somos"},"content":{"rendered":"\n<hr class=\"wp-block-separator has-text-color has-white-color has-alpha-channel-opacity has-white-background-color has-background is-style-wide\"\/>\n\n\n\n<p class=\"has-text-align-center has-vivid-red-color has-text-color has-link-color wp-elements-0c5b2c9c4ace2eeda34f28835d0af827\" style=\"font-size:30px\">\u00a0<strong>Casare\u00ae Alimentos<\/strong><\/p>\n\n\n\n<p>\u00a0<\/p>\n\n\n\n<h3 class=\"wp-block-heading\">Desde 1980 a empresa&nbsp;<strong>Casare\u00ae Alimentos<\/strong>&nbsp;com ampla experi\u00eancia no ramo de alimentos atendemos distribuidores e redes de supermercados em todo Brasil.<\/h3>\n\n\n\n<h3 class=\"wp-block-heading\">Nossos produtos s\u00e3o elaborados com mat\u00e9ria prima de primeira qualidade e alto padr\u00e3o de higiene.<\/h3>\n\n\n\n<h3 class=\"wp-block-heading\">O constante aperfei\u00e7oamento dos processos produtivos aliado a equipamentos modernos proporcionam a voc\u00ea cliente um produto saud\u00e1vel e delicioso.<\/h3>\n\n\n\n<p>\u00a0<\/p>\n\n\n\n<p>\u00a0<\/p>\n\n\n\n<p><\/p>\n","protected":false},"excerpt":{"rendered":"<p>\u00a0Casare\u00ae Alimentos \u00a0 Desde 1980 a empresa&nbsp;Casare\u00ae Alimentos&nbsp;com ampla experi\u00eancia no ramo de alimentos atendemos distribuidores e redes de supermercados em todo Brasil. Nossos produtos s\u00e3o elaborados com mat\u00e9ria prima de primeira qualidade e alto padr\u00e3o de higiene. O constante aperfei\u00e7oamento dos processos produtivos aliado a equipamentos modernos proporcionam a voc\u00ea cliente um produto saud\u00e1vel&#8230;<\/p>\n<p class=\"more-link\"><a href=\"https:\/\/casarealimentos.com.br\/?page_id=40\"><span>Read More<\/span><i>&#43;<\/i><\/a><\/p>\n","protected":false},"author":1,"featured_media":0,"parent":0,"menu_order":0,"comment_status":"closed","ping_status":"closed","template":"","meta":{"footnotes":""},"class_list":["post-40","page","type-page","status-publish","hentry"],"_links":{"self":[{"href":"https:\/\/casarealimentos.com.br\/index.php?rest_route=\/wp\/v2\/pages\/40","targetHints":{"allow":["GET"]}}],"collection":[{"href":"https:\/\/casarealimentos.com.br\/index.php?rest_route=\/wp\/v2\/pages"}],"about":[{"href":"https:\/\/casarealimentos.com.br\/index.php?rest_route=\/wp\/v2\/types\/page"}],"author":[{"embeddable":true,"href":"https:\/\/casarealimentos.com.br\/index.php?rest_route=\/wp\/v2\/users\/1"}],"replies":[{"embeddable":true,"href":"https:\/\/casarealimentos.com.br\/index.php?rest_route=%2Fwp%2Fv2%2Fcomments&post=40"}],"version-history":[{"count":5,"href":"https:\/\/casarealimentos.com.br\/index.php?rest_route=\/wp\/v2\/pages\/40\/revisions"}],"predecessor-version":[{"id":275,"href":"https:\/\/casarealimentos.com.br\/index.php?rest_route=\/wp\/v2\/pages\/40\/revisions\/275"}],"wp:attachment":[{"href":"https:\/\/casarealimentos.com.br\/index.php?rest_route=%2Fwp%2Fv2%2Fmedia&parent=40"}],"curies":[{"name":"wp","href":"https:\/\/api.w.org\/{rel}","templated":true}]}}